{"id":10,"date":"2016-12-07T12:49:43","date_gmt":"2016-12-07T11:49:43","guid":{"rendered":"http:\/\/192.168.1.103\/emicom\/?page_id=10"},"modified":"2021-11-06T22:07:23","modified_gmt":"2021-11-06T21:07:23","slug":"partenaires","status":"publish","type":"page","link":"https:\/\/www.emicom-mali.com\/web\/partenaires\/","title":{"rendered":"NOS PARTENAIRES"},"content":{"rendered":"<p>[vc_row][vc_column][vc_column_text]<\/p>\n<h3><a>LES PARTENAIRES FINANCIERS<\/a><\/h3>\n<p>EMICOM travaille avec un r\u00e9seau d\u2019\u00e9tablissements financiers (BNDA, BIM, B0A, Orange Mali\u00a0etc.) fiable qui lui permet de pr\u00e9 financer et d\u2019ex\u00e9cuter les diff\u00e9rentes prestations dans un d\u00e9lai bien pr\u00e9cis<br \/>\nLa tr\u00e9sorerie de la soci\u00e9t\u00e9 est croissante, ce qui lui permet d\u2019\u00eatre leader dans son domaine.<br \/>\nL\u2019intensit\u00e9 de l\u2019exp\u00e9rience et la passion du service rendu est la force de la soci\u00e9t\u00e9 EMICOM.<\/p>\n<h3><a>LES PARTENAIRES FONCTIONNELS<\/a><\/h3>\n<p>EMICOM a d\u00e9velopp\u00e9 une technique de faire faire, car elle poss\u00e8de un r\u00e9seau de sous traitants et de fournisseurs comp\u00e9tents et diligents capables de r\u00e9pondre aux attentes des clients. La soci\u00e9t\u00e9 s\u2019est diff\u00e9renci\u00e9e des autres prestataires en \u00e9tablissant une relation de gagnant-gagnant avec ce r\u00e9seau efficace.<\/p>\n<h3><a>LES PARTENAIRES OPERATIONNELLES<\/a><\/h3>\n<p>Les services de EMICOM s\u2019adressent \u00e0 l\u2018ensemble des intervenants du domaine de l\u2019\u00e9nergie et du b\u00e2timent, soit:<\/p>\n<ul>\n<li>Les Agences d\u2019Ex\u00e9cution de Travaux<\/li>\n<li>Les soci\u00e9t\u00e9s mini\u00e8res<\/li>\n<li>Les Mairies<\/li>\n<li>Les Agences Immobili\u00e8res<\/li>\n<li>Les Caisses d\u2019\u00e9pargne et de cr\u00e9dit<\/li>\n<li>Les Associations Villageoises<\/li>\n<li>Les Banques<\/li>\n<li>Les D\u00e9partements Minist\u00e9riels (DAF)<\/li>\n<li>Les Ecoles<\/li>\n<li>Les \u00e9difices \u00e0 bureaux<\/li>\n<li>Les Fournisseurs d\u2019\u00e9nergie (Eau-Electricit\u00e9)<\/li>\n<li>Les Gestionnaires d\u2019immeubles<\/li>\n<li>Les H\u00f4pitaux<\/li>\n<li>Les H\u00f4tels<\/li>\n<li>Les Industriels<\/li>\n<li>Les Institutions Internationales<\/li>\n<li>Les Organisations Non Gouvernementales (ONG)<\/li>\n<li>Les Repr\u00e9sentations diplomatiques<\/li>\n<li>Les Soci\u00e9t\u00e9s de T\u00e9l\u00e9communication<\/li>\n<li>Les Bureaux d\u2019ing\u00e9nieurs conseils<\/li>\n<li>Les Cabinets d\u2019architecture<\/li>\n<li>Les particuliers<\/li>\n<\/ul>\n<p>[\/vc_column_text]<style type=\"text\/css\" data-type=\"the7_shortcodes-inline-css\">.gallery-shortcode.gallery-masonry-shortcode-id-04ffe1b8a2696395ac2a07c15fb5594b figure,\n.gallery-shortcode.gallery-masonry-shortcode-id-04ffe1b8a2696395ac2a07c15fb5594b .rollover,\n.gallery-shortcode.gallery-masonry-shortcode-id-04ffe1b8a2696395ac2a07c15fb5594b img,\n.gallery-shortcode.gallery-masonry-shortcode-id-04ffe1b8a2696395ac2a07c15fb5594b .gallery-rollover {\n  border-radius: 0px;\n}\n.gallery-shortcode.gallery-masonry-shortcode-id-04ffe1b8a2696395ac2a07c15fb5594b.enable-bg-rollover .gallery-rollover {\n  background: -webkit-linear-gradient();\n  background: linear-gradient();\n}\n.gallery-shortcode.gallery-masonry-shortcode-id-04ffe1b8a2696395ac2a07c15fb5594b.enable-bg-rollover.hover-scale figure .rollover:after {\n  background: -webkit-linear-gradient();\n  background: linear-gradient();\n}\n.gallery-shortcode.gallery-masonry-shortcode-id-04ffe1b8a2696395ac2a07c15fb5594b .gallery-zoom-ico {\n  width: 44px;\n  height: 44px;\n  line-height: 44px;\n  border-radius: 100px;\n  margin: -22px 0 0 -22px;\n  border-width: 0px;\n  color: #ffffff;\n}\n.dt-icon-bg-on.gallery-shortcode.gallery-masonry-shortcode-id-04ffe1b8a2696395ac2a07c15fb5594b .gallery-zoom-ico {\n  background: rgba(255,255,255,0.3);\n  box-shadow: none;\n}\n.gallery-shortcode.gallery-masonry-shortcode-id-04ffe1b8a2696395ac2a07c15fb5594b .gallery-zoom-ico:before,\n.gallery-shortcode.gallery-masonry-shortcode-id-04ffe1b8a2696395ac2a07c15fb5594b .gallery-zoom-ico span {\n  font-size: 32px;\n  line-height: 44px;\n  color: #ffffff;\n}\n.gallery-shortcode.gallery-masonry-shortcode-id-04ffe1b8a2696395ac2a07c15fb5594b:not(.resize-by-browser-width) .dt-css-grid {\n  grid-row-gap: 10px;\n  grid-column-gap: 10px;\n  grid-template-columns: repeat(auto-fill,minmax(,1fr));\n}\n.gallery-shortcode.gallery-masonry-shortcode-id-04ffe1b8a2696395ac2a07c15fb5594b:not(.resize-by-browser-width) .dt-css-grid .double-width {\n  grid-column: span 2;\n}\n.cssgridlegacy.no-cssgrid .gallery-shortcode.gallery-masonry-shortcode-id-04ffe1b8a2696395ac2a07c15fb5594b:not(.resize-by-browser-width) .dt-css-grid,\n.no-cssgridlegacy.no-cssgrid .gallery-shortcode.gallery-masonry-shortcode-id-04ffe1b8a2696395ac2a07c15fb5594b:not(.resize-by-browser-width) .dt-css-grid {\n  display: flex;\n  flex-flow: row wrap;\n  margin: -5px;\n}\n.cssgridlegacy.no-cssgrid .gallery-shortcode.gallery-masonry-shortcode-id-04ffe1b8a2696395ac2a07c15fb5594b:not(.resize-by-browser-width) .dt-css-grid .wf-cell,\n.no-cssgridlegacy.no-cssgrid .gallery-shortcode.gallery-masonry-shortcode-id-04ffe1b8a2696395ac2a07c15fb5594b:not(.resize-by-browser-width) .dt-css-grid .wf-cell {\n  flex: 1 0 ;\n  max-width: 100%;\n  padding: 5px;\n  box-sizing: border-box;\n}\n.gallery-shortcode.gallery-masonry-shortcode-id-04ffe1b8a2696395ac2a07c15fb5594b.resize-by-browser-width .dt-css-grid {\n  grid-template-columns: repeat(6,1fr);\n  grid-template-rows: auto;\n  grid-column-gap: 10px;\n  grid-row-gap: 10px;\n}\n.gallery-shortcode.gallery-masonry-shortcode-id-04ffe1b8a2696395ac2a07c15fb5594b.resize-by-browser-width .dt-css-grid .double-width {\n  grid-column: span 2;\n}\n.cssgridlegacy.no-cssgrid .gallery-shortcode.gallery-masonry-shortcode-id-04ffe1b8a2696395ac2a07c15fb5594b.resize-by-browser-width .dt-css-grid {\n  margin: -5px;\n}\n.cssgridlegacy.no-cssgrid .gallery-shortcode.gallery-masonry-shortcode-id-04ffe1b8a2696395ac2a07c15fb5594b.resize-by-browser-width .dt-css-grid .wf-cell {\n  width: 16.666666666667%;\n  padding: 5px;\n}\n.cssgridlegacy.no-cssgrid .gallery-shortcode.gallery-masonry-shortcode-id-04ffe1b8a2696395ac2a07c15fb5594b.resize-by-browser-width .dt-css-grid .wf-cell.double-width {\n  width: calc(16.666666666667%) * 2;\n}\n.gallery-shortcode.gallery-masonry-shortcode-id-04ffe1b8a2696395ac2a07c15fb5594b.resize-by-browser-width:not(.centered-layout-list):not(.content-bg-on) .dt-css-grid {\n  grid-row-gap: 10px - ;\n}\n@media screen and (max-width: 1199px) {\n  .gallery-shortcode.gallery-masonry-shortcode-id-04ffe1b8a2696395ac2a07c15fb5594b.resize-by-browser-width .dt-css-grid {\n    grid-template-columns: repeat(4,1fr);\n  }\n  .cssgridlegacy.no-cssgrid .gallery-shortcode.gallery-masonry-shortcode-id-04ffe1b8a2696395ac2a07c15fb5594b.resize-by-browser-width .dt-css-grid .wf-cell,\n  .no-cssgridlegacy.no-cssgrid .gallery-shortcode.gallery-masonry-shortcode-id-04ffe1b8a2696395ac2a07c15fb5594b.resize-by-browser-width .dt-css-grid .wf-cell {\n    width: 25%;\n  }\n  .cssgridlegacy.no-cssgrid .gallery-shortcode.gallery-masonry-shortcode-id-04ffe1b8a2696395ac2a07c15fb5594b.resize-by-browser-width .dt-css-grid .wf-cell.double-width,\n  .no-cssgridlegacy.no-cssgrid .gallery-shortcode.gallery-masonry-shortcode-id-04ffe1b8a2696395ac2a07c15fb5594b.resize-by-browser-width .dt-css-grid .wf-cell.double-width {\n    width: calc(25%)*2;\n  }\n}\n@media screen and (max-width: 991px) {\n  .gallery-shortcode.gallery-masonry-shortcode-id-04ffe1b8a2696395ac2a07c15fb5594b.resize-by-browser-width .dt-css-grid {\n    grid-template-columns: repeat(3,1fr);\n  }\n  .cssgridlegacy.no-cssgrid .gallery-shortcode.gallery-masonry-shortcode-id-04ffe1b8a2696395ac2a07c15fb5594b.resize-by-browser-width .dt-css-grid .wf-cell,\n  .no-cssgridlegacy.no-cssgrid .gallery-shortcode.gallery-masonry-shortcode-id-04ffe1b8a2696395ac2a07c15fb5594b.resize-by-browser-width .dt-css-grid .wf-cell {\n    width: 33.333333333333%;\n  }\n  .cssgridlegacy.no-cssgrid .gallery-shortcode.gallery-masonry-shortcode-id-04ffe1b8a2696395ac2a07c15fb5594b.resize-by-browser-width .dt-css-grid .wf-cell.double-width,\n  .no-cssgridlegacy.no-cssgrid .gallery-shortcode.gallery-masonry-shortcode-id-04ffe1b8a2696395ac2a07c15fb5594b.resize-by-browser-width .dt-css-grid .wf-cell.double-width {\n    width: calc(33.333333333333%)*2;\n  }\n}\n@media screen and (max-width: 767px) {\n  .gallery-shortcode.gallery-masonry-shortcode-id-04ffe1b8a2696395ac2a07c15fb5594b.resize-by-browser-width .dt-css-grid {\n    grid-template-columns: repeat(2,1fr);\n  }\n  .cssgridlegacy.no-cssgrid .gallery-shortcode.gallery-masonry-shortcode-id-04ffe1b8a2696395ac2a07c15fb5594b.resize-by-browser-width .dt-css-grid .wf-cell,\n  .no-cssgridlegacy.no-cssgrid .gallery-shortcode.gallery-masonry-shortcode-id-04ffe1b8a2696395ac2a07c15fb5594b.resize-by-browser-width .dt-css-grid .wf-cell {\n    width: 50%;\n  }\n  .cssgridlegacy.no-cssgrid .gallery-shortcode.gallery-masonry-shortcode-id-04ffe1b8a2696395ac2a07c15fb5594b.resize-by-browser-width .dt-css-grid .wf-cell.double-width,\n  .no-cssgridlegacy.no-cssgrid .gallery-shortcode.gallery-masonry-shortcode-id-04ffe1b8a2696395ac2a07c15fb5594b.resize-by-browser-width .dt-css-grid .wf-cell.double-width {\n    width: calc(50%)*2;\n  }\n}\n<\/style><div class=\"gallery-shortcode dt-gallery-container gallery-masonry-shortcode-id-04ffe1b8a2696395ac2a07c15fb5594b mode-masonry jquery-filter dt-icon-bg-off quick-scale-img enable-bg-rollover resize-by-browser-width  hover-fade loading-effect-fade-in description-on-hover\" data-padding=\"5px\" data-cur-page=\"1\" data-post-limit=\"-1\" data-pagination-mode=\"none\" data-desktop-columns-num=\"6\" data-v-tablet-columns-num=\"3\" data-h-tablet-columns-num=\"4\" data-phone-columns-num=\"2\" data-width=\"0px\" data-columns=\"0\"><div class=\"iso-container\" ><div class=\"wf-cell iso-item\" data-post-id=\"586\" data-date=\"2021-02-11T23:55:30+01:00\" data-name=\"franklin_electric_logo\"><figure class=\"post visible\"><span class=\"rollover\"  title=\"franklin_electric_logo\"><img loading=\"lazy\" decoding=\"async\" class=\"preload-me\" src=\"https:\/\/www.emicom-mali.com\/web\/wp-content\/uploads\/2021\/02\/franklin_electric_logo-379x379.jpg\" srcset=\"https:\/\/www.emicom-mali.com\/web\/wp-content\/uploads\/2021\/02\/franklin_electric_logo-379x379.jpg 379w, https:\/\/www.emicom-mali.com\/web\/wp-content\/uploads\/2021\/02\/franklin_electric_logo-569x569.jpg 569w\" sizes=\"379px\" alt=\"\" width=\"379\" height=\"379\"  \/><span class=\"gallery-rollover\"><\/span><\/span><\/figure><\/div><div class=\"wf-cell iso-item\" data-post-id=\"576\" data-date=\"2021-02-11T23:52:10+01:00\" data-name=\"aermali\"><figure class=\"post visible\"><span class=\"rollover\"  title=\"aermali\"><img loading=\"lazy\" decoding=\"async\" class=\"preload-me\" src=\"https:\/\/www.emicom-mali.com\/web\/wp-content\/uploads\/2021\/02\/aermali.jpg\" srcset=\"https:\/\/www.emicom-mali.com\/web\/wp-content\/uploads\/2021\/02\/aermali.jpg 255w\" sizes=\"255px\" alt=\"\" width=\"255\" height=\"255\"  \/><span class=\"gallery-rollover\"><\/span><\/span><\/figure><\/div><div class=\"wf-cell iso-item\" data-post-id=\"571\" data-date=\"2021-02-11T23:46:46+01:00\" data-name=\"adria-emicom\"><figure class=\"post visible\"><span class=\"rollover\"  title=\"adria-emicom\"><img loading=\"lazy\" decoding=\"async\" class=\"preload-me\" src=\"https:\/\/www.emicom-mali.com\/web\/wp-content\/uploads\/2021\/02\/adria-emicom.jpg\" srcset=\"https:\/\/www.emicom-mali.com\/web\/wp-content\/uploads\/2021\/02\/adria-emicom.jpg 300w\" sizes=\"300px\" alt=\"\" width=\"300\" height=\"300\"  \/><span class=\"gallery-rollover\"><\/span><\/span><\/figure><\/div><div class=\"wf-cell iso-item\" data-post-id=\"570\" data-date=\"2021-02-11T23:45:03+01:00\" data-name=\"Print\"><figure class=\"post visible\"><span class=\"rollover\"  title=\"Print\"><img loading=\"lazy\" decoding=\"async\" class=\"preload-me\" src=\"https:\/\/www.emicom-mali.com\/web\/wp-content\/uploads\/2021\/02\/aecf-Logo-small.jpg\" srcset=\"https:\/\/www.emicom-mali.com\/web\/wp-content\/uploads\/2021\/02\/aecf-Logo-small.jpg 300w\" sizes=\"300px\" alt=\"\" width=\"300\" height=\"300\"  \/><span class=\"gallery-rollover\"><\/span><\/span><\/figure><\/div><div class=\"wf-cell iso-item\" data-post-id=\"569\" data-date=\"2021-02-11T23:42:36+01:00\" data-name=\"futurepumpLogo\"><figure class=\"post visible\"><span class=\"rollover\"  title=\"futurepumpLogo\"><img loading=\"lazy\" decoding=\"async\" class=\"preload-me\" src=\"https:\/\/www.emicom-mali.com\/web\/wp-content\/uploads\/2021\/02\/futurepumpLogo.png\" srcset=\"https:\/\/www.emicom-mali.com\/web\/wp-content\/uploads\/2021\/02\/futurepumpLogo.png 300w\" sizes=\"300px\" alt=\"\" width=\"300\" height=\"300\"  \/><span class=\"gallery-rollover\"><\/span><\/span><\/figure><\/div><div class=\"wf-cell iso-item\" data-post-id=\"567\" data-date=\"2021-02-11T23:33:06+01:00\" data-name=\"victron_logo2\"><figure class=\"post visible\"><span class=\"rollover\"  title=\"victron_logo2\"><img loading=\"lazy\" decoding=\"async\" class=\"preload-me\" src=\"https:\/\/www.emicom-mali.com\/web\/wp-content\/uploads\/2021\/02\/victron_logo2.jpg\" srcset=\"https:\/\/www.emicom-mali.com\/web\/wp-content\/uploads\/2021\/02\/victron_logo2.jpg 300w\" sizes=\"300px\" alt=\"\" width=\"300\" height=\"300\"  \/><span class=\"gallery-rollover\"><\/span><\/span><\/figure><\/div><div class=\"wf-cell iso-item\" data-post-id=\"566\" data-date=\"2021-02-11T23:29:06+01:00\" data-name=\"AfrikPrevent_logo\"><figure class=\"post visible\"><span class=\"rollover\"  title=\"AfrikPrevent_logo\"><img loading=\"lazy\" decoding=\"async\" class=\"preload-me\" src=\"https:\/\/www.emicom-mali.com\/web\/wp-content\/uploads\/2021\/02\/AfrikPrevent_logo.jpg\" srcset=\"https:\/\/www.emicom-mali.com\/web\/wp-content\/uploads\/2021\/02\/AfrikPrevent_logo.jpg 300w\" sizes=\"300px\" alt=\"\" width=\"300\" height=\"300\"  \/><span class=\"gallery-rollover\"><\/span><\/span><\/figure><\/div><div class=\"wf-cell iso-item\" data-post-id=\"427\" data-date=\"2017-02-22T12:33:19+01:00\" data-name=\"emicom-ier\"><figure class=\"post visible\"><span class=\"rollover\"  title=\"emicom-ier\"><img loading=\"lazy\" decoding=\"async\" class=\"preload-me\" src=\"https:\/\/www.emicom-mali.com\/web\/wp-content\/uploads\/2017\/02\/emicom-ier.jpg\" srcset=\"https:\/\/www.emicom-mali.com\/web\/wp-content\/uploads\/2017\/02\/emicom-ier.jpg 300w\" sizes=\"300px\" alt=\"\" width=\"300\" height=\"200\"  \/><span class=\"gallery-rollover\"><\/span><\/span><\/figure><\/div><div class=\"wf-cell iso-item\" data-post-id=\"428\" data-date=\"2017-02-22T12:40:49+01:00\" data-name=\"emicom-edm\"><figure class=\"post visible\"><span class=\"rollover\"  title=\"emicom-edm\"><img loading=\"lazy\" decoding=\"async\" class=\"preload-me\" src=\"https:\/\/www.emicom-mali.com\/web\/wp-content\/uploads\/2017\/02\/emicom-edm.jpg\" srcset=\"https:\/\/www.emicom-mali.com\/web\/wp-content\/uploads\/2017\/02\/emicom-edm.jpg 300w\" sizes=\"300px\" alt=\"\" width=\"300\" height=\"200\"  \/><span class=\"gallery-rollover\"><\/span><\/span><\/figure><\/div><div class=\"wf-cell iso-item\" data-post-id=\"425\" data-date=\"2017-02-22T12:33:08+01:00\" data-name=\"emicom-amader\"><figure class=\"post visible\"><span class=\"rollover\"  title=\"emicom-amader\"><img loading=\"lazy\" decoding=\"async\" class=\"preload-me\" src=\"https:\/\/www.emicom-mali.com\/web\/wp-content\/uploads\/2017\/02\/emicom-amader.jpg\" srcset=\"https:\/\/www.emicom-mali.com\/web\/wp-content\/uploads\/2017\/02\/emicom-amader.jpg 300w\" sizes=\"300px\" alt=\"\" width=\"300\" height=\"200\"  \/><span class=\"gallery-rollover\"><\/span><\/span><\/figure><\/div><div class=\"wf-cell iso-item\" data-post-id=\"426\" data-date=\"2017-02-22T12:33:14+01:00\" data-name=\"emicom-anict\"><figure class=\"post visible\"><span class=\"rollover\"  title=\"emicom-anict\"><img loading=\"lazy\" decoding=\"async\" class=\"preload-me\" src=\"https:\/\/www.emicom-mali.com\/web\/wp-content\/uploads\/2017\/02\/emicom-anict.jpg\" srcset=\"https:\/\/www.emicom-mali.com\/web\/wp-content\/uploads\/2017\/02\/emicom-anict.jpg 300w\" sizes=\"300px\" alt=\"\" width=\"300\" height=\"200\"  \/><span class=\"gallery-rollover\"><\/span><\/span><\/figure><\/div><div class=\"wf-cell iso-item\" data-post-id=\"386\" data-date=\"2017-02-17T16:43:52+01:00\" data-name=\"hid-emicom\"><figure class=\"post visible\"><span class=\"rollover\"  title=\"hid-emicom\"><img loading=\"lazy\" decoding=\"async\" class=\"preload-me\" src=\"https:\/\/www.emicom-mali.com\/web\/wp-content\/uploads\/2016\/12\/hid-emicom.jpg\" srcset=\"https:\/\/www.emicom-mali.com\/web\/wp-content\/uploads\/2016\/12\/hid-emicom.jpg 200w\" sizes=\"200px\" alt=\"\" width=\"200\" height=\"200\"  \/><span class=\"gallery-rollover\"><\/span><\/span><\/figure><\/div><div class=\"wf-cell iso-item\" data-post-id=\"590\" data-date=\"2021-02-11T23:58:11+01:00\" data-name=\"logo_Djibril DIALLO\"><figure class=\"post visible\"><span class=\"rollover\"  title=\"logo_Djibril DIALLO\"><img loading=\"lazy\" decoding=\"async\" class=\"preload-me\" src=\"https:\/\/www.emicom-mali.com\/web\/wp-content\/uploads\/2021\/02\/logo_Djibril-DIALLO.jpg\" srcset=\"https:\/\/www.emicom-mali.com\/web\/wp-content\/uploads\/2021\/02\/logo_Djibril-DIALLO.jpg 300w\" sizes=\"300px\" alt=\"\" width=\"300\" height=\"300\"  \/><span class=\"gallery-rollover\"><\/span><\/span><\/figure><\/div><\/div><!-- iso-container|iso-grid --><\/div>[\/vc_column][\/vc_row]<\/p>\n","protected":false},"excerpt":{"rendered":"<p>[vc_row][vc_column][vc_column_text] LES PARTENAIRES FINANCIERS EMICOM travaille avec un r\u00e9seau d\u2019\u00e9tablissements financiers (BNDA, BIM, B0A, Orange Mali\u00a0etc.) fiable qui lui permet de pr\u00e9 financer et d\u2019ex\u00e9cuter les diff\u00e9rentes prestations dans un d\u00e9lai bien pr\u00e9cis La tr\u00e9sorerie de la soci\u00e9t\u00e9 est croissante, ce qui lui permet d\u2019\u00eatre leader dans son domaine. L\u2019intensit\u00e9 de l\u2019exp\u00e9rience et la passion&hellip;<\/p>\n","protected":false},"author":1,"featured_media":0,"parent":0,"menu_order":0,"comment_status":"closed","ping_status":"closed","template":"","meta":[],"yoast_head":"<!-- This site is optimized with the Yoast SEO plugin v23.0 - https:\/\/yoast.com\/wordpress\/plugins\/seo\/ -->\n<title>NOS PARTENAIRES - EMICOM MALI<\/title>\n<meta name=\"description\" content=\"Les services de EMICOM s\u2019adressent aux intervenants du domaine de l\u2019\u00e9nergie et du b\u00e2timent. Nous travaillons avec des \u00e9tablissements financiers fiables.\" \/>\n<meta name=\"robots\" content=\"index, follow, max-snippet:-1, max-image-preview:large, max-video-preview:-1\" \/>\n<link rel=\"canonical\" href=\"https:\/\/www.emicom-mali.com\/web\/partenaires\/\" \/>\n<meta property=\"og:locale\" content=\"fr_FR\" \/>\n<meta property=\"og:type\" content=\"article\" \/>\n<meta property=\"og:title\" content=\"NOS PARTENAIRES - EMICOM MALI\" \/>\n<meta property=\"og:description\" content=\"Les services de EMICOM s\u2019adressent aux intervenants du domaine de l\u2019\u00e9nergie et du b\u00e2timent. Nous travaillons avec des \u00e9tablissements financiers fiables.\" \/>\n<meta property=\"og:url\" content=\"https:\/\/www.emicom-mali.com\/web\/partenaires\/\" \/>\n<meta property=\"og:site_name\" content=\"EMICOM MALI\" \/>\n<meta property=\"article:publisher\" content=\"https:\/\/www.facebook.com\/Emicom-220426265073528\" \/>\n<meta property=\"article:modified_time\" content=\"2021-11-06T21:07:23+00:00\" \/>\n<meta name=\"twitter:card\" content=\"summary_large_image\" \/>\n<meta name=\"twitter:label1\" content=\"Dur\u00e9e de lecture estim\u00e9e\" \/>\n\t<meta name=\"twitter:data1\" content=\"1 minute\" \/>\n<script type=\"application\/ld+json\" class=\"yoast-schema-graph\">{\"@context\":\"https:\/\/schema.org\",\"@graph\":[{\"@type\":\"WebPage\",\"@id\":\"https:\/\/www.emicom-mali.com\/web\/partenaires\/\",\"url\":\"https:\/\/www.emicom-mali.com\/web\/partenaires\/\",\"name\":\"NOS PARTENAIRES - EMICOM MALI\",\"isPartOf\":{\"@id\":\"https:\/\/www.emicom-mali.com\/web\/#website\"},\"datePublished\":\"2016-12-07T11:49:43+00:00\",\"dateModified\":\"2021-11-06T21:07:23+00:00\",\"description\":\"Les services de EMICOM s\u2019adressent aux intervenants du domaine de l\u2019\u00e9nergie et du b\u00e2timent. Nous travaillons avec des \u00e9tablissements financiers fiables.\",\"breadcrumb\":{\"@id\":\"https:\/\/www.emicom-mali.com\/web\/partenaires\/#breadcrumb\"},\"inLanguage\":\"fr-FR\",\"potentialAction\":[{\"@type\":\"ReadAction\",\"target\":[\"https:\/\/www.emicom-mali.com\/web\/partenaires\/\"]}]},{\"@type\":\"BreadcrumbList\",\"@id\":\"https:\/\/www.emicom-mali.com\/web\/partenaires\/#breadcrumb\",\"itemListElement\":[{\"@type\":\"ListItem\",\"position\":1,\"name\":\"Accueil\",\"item\":\"https:\/\/www.emicom-mali.com\/web\/\"},{\"@type\":\"ListItem\",\"position\":2,\"name\":\"NOS PARTENAIRES\"}]},{\"@type\":\"WebSite\",\"@id\":\"https:\/\/www.emicom-mali.com\/web\/#website\",\"url\":\"https:\/\/www.emicom-mali.com\/web\/\",\"name\":\"EMICOM MALI\",\"description\":\"En plus nous capturons le soleil\",\"publisher\":{\"@id\":\"https:\/\/www.emicom-mali.com\/web\/#organization\"},\"potentialAction\":[{\"@type\":\"SearchAction\",\"target\":{\"@type\":\"EntryPoint\",\"urlTemplate\":\"https:\/\/www.emicom-mali.com\/web\/?s={search_term_string}\"},\"query-input\":\"required name=search_term_string\"}],\"inLanguage\":\"fr-FR\"},{\"@type\":\"Organization\",\"@id\":\"https:\/\/www.emicom-mali.com\/web\/#organization\",\"name\":\"EMICOM MALI\",\"url\":\"https:\/\/www.emicom-mali.com\/web\/\",\"logo\":{\"@type\":\"ImageObject\",\"inLanguage\":\"fr-FR\",\"@id\":\"https:\/\/www.emicom-mali.com\/web\/#\/schema\/logo\/image\/\",\"url\":\"https:\/\/www.emicom-mali.com\/web\/wp-content\/uploads\/2016\/12\/logo-nom.png\",\"contentUrl\":\"https:\/\/www.emicom-mali.com\/web\/wp-content\/uploads\/2016\/12\/logo-nom.png\",\"width\":172,\"height\":105,\"caption\":\"EMICOM MALI\"},\"image\":{\"@id\":\"https:\/\/www.emicom-mali.com\/web\/#\/schema\/logo\/image\/\"},\"sameAs\":[\"https:\/\/www.facebook.com\/Emicom-220426265073528\"]}]}<\/script>\n<!-- \/ Yoast SEO plugin. -->","yoast_head_json":{"title":"NOS PARTENAIRES - EMICOM MALI","description":"Les services de EMICOM s\u2019adressent aux intervenants du domaine de l\u2019\u00e9nergie et du b\u00e2timent. Nous travaillons avec des \u00e9tablissements financiers fiables.","robots":{"index":"index","follow":"follow","max-snippet":"max-snippet:-1","max-image-preview":"max-image-preview:large","max-video-preview":"max-video-preview:-1"},"canonical":"https:\/\/www.emicom-mali.com\/web\/partenaires\/","og_locale":"fr_FR","og_type":"article","og_title":"NOS PARTENAIRES - EMICOM MALI","og_description":"Les services de EMICOM s\u2019adressent aux intervenants du domaine de l\u2019\u00e9nergie et du b\u00e2timent. Nous travaillons avec des \u00e9tablissements financiers fiables.","og_url":"https:\/\/www.emicom-mali.com\/web\/partenaires\/","og_site_name":"EMICOM MALI","article_publisher":"https:\/\/www.facebook.com\/Emicom-220426265073528","article_modified_time":"2021-11-06T21:07:23+00:00","twitter_card":"summary_large_image","twitter_misc":{"Dur\u00e9e de lecture estim\u00e9e":"1 minute"},"schema":{"@context":"https:\/\/schema.org","@graph":[{"@type":"WebPage","@id":"https:\/\/www.emicom-mali.com\/web\/partenaires\/","url":"https:\/\/www.emicom-mali.com\/web\/partenaires\/","name":"NOS PARTENAIRES - EMICOM MALI","isPartOf":{"@id":"https:\/\/www.emicom-mali.com\/web\/#website"},"datePublished":"2016-12-07T11:49:43+00:00","dateModified":"2021-11-06T21:07:23+00:00","description":"Les services de EMICOM s\u2019adressent aux intervenants du domaine de l\u2019\u00e9nergie et du b\u00e2timent. Nous travaillons avec des \u00e9tablissements financiers fiables.","breadcrumb":{"@id":"https:\/\/www.emicom-mali.com\/web\/partenaires\/#breadcrumb"},"inLanguage":"fr-FR","potentialAction":[{"@type":"ReadAction","target":["https:\/\/www.emicom-mali.com\/web\/partenaires\/"]}]},{"@type":"BreadcrumbList","@id":"https:\/\/www.emicom-mali.com\/web\/partenaires\/#breadcrumb","itemListElement":[{"@type":"ListItem","position":1,"name":"Accueil","item":"https:\/\/www.emicom-mali.com\/web\/"},{"@type":"ListItem","position":2,"name":"NOS PARTENAIRES"}]},{"@type":"WebSite","@id":"https:\/\/www.emicom-mali.com\/web\/#website","url":"https:\/\/www.emicom-mali.com\/web\/","name":"EMICOM MALI","description":"En plus nous capturons le soleil","publisher":{"@id":"https:\/\/www.emicom-mali.com\/web\/#organization"},"potentialAction":[{"@type":"SearchAction","target":{"@type":"EntryPoint","urlTemplate":"https:\/\/www.emicom-mali.com\/web\/?s={search_term_string}"},"query-input":"required name=search_term_string"}],"inLanguage":"fr-FR"},{"@type":"Organization","@id":"https:\/\/www.emicom-mali.com\/web\/#organization","name":"EMICOM MALI","url":"https:\/\/www.emicom-mali.com\/web\/","logo":{"@type":"ImageObject","inLanguage":"fr-FR","@id":"https:\/\/www.emicom-mali.com\/web\/#\/schema\/logo\/image\/","url":"https:\/\/www.emicom-mali.com\/web\/wp-content\/uploads\/2016\/12\/logo-nom.png","contentUrl":"https:\/\/www.emicom-mali.com\/web\/wp-content\/uploads\/2016\/12\/logo-nom.png","width":172,"height":105,"caption":"EMICOM MALI"},"image":{"@id":"https:\/\/www.emicom-mali.com\/web\/#\/schema\/logo\/image\/"},"sameAs":["https:\/\/www.facebook.com\/Emicom-220426265073528"]}]}},"_links":{"self":[{"href":"https:\/\/www.emicom-mali.com\/web\/wp-json\/wp\/v2\/pages\/10"}],"collection":[{"href":"https:\/\/www.emicom-mali.com\/web\/wp-json\/wp\/v2\/pages"}],"about":[{"href":"https:\/\/www.emicom-mali.com\/web\/wp-json\/wp\/v2\/types\/page"}],"author":[{"embeddable":true,"href":"https:\/\/www.emicom-mali.com\/web\/wp-json\/wp\/v2\/users\/1"}],"replies":[{"embeddable":true,"href":"https:\/\/www.emicom-mali.com\/web\/wp-json\/wp\/v2\/comments?post=10"}],"version-history":[{"count":100,"href":"https:\/\/www.emicom-mali.com\/web\/wp-json\/wp\/v2\/pages\/10\/revisions"}],"predecessor-version":[{"id":772,"href":"https:\/\/www.emicom-mali.com\/web\/wp-json\/wp\/v2\/pages\/10\/revisions\/772"}],"wp:attachment":[{"href":"https:\/\/www.emicom-mali.com\/web\/wp-json\/wp\/v2\/media?parent=10"}],"curies":[{"name":"wp","href":"https:\/\/api.w.org\/{rel}","templated":true}]}}