{"id":12,"date":"2016-12-07T12:49:54","date_gmt":"2016-12-07T11:49:54","guid":{"rendered":"http:\/\/192.168.1.103\/emicom\/?page_id=12"},"modified":"2022-12-21T04:29:54","modified_gmt":"2022-12-21T03:29:54","slug":"contact","status":"publish","type":"page","link":"https:\/\/www.emicom-mali.com\/web\/contact\/","title":{"rendered":"CONTACT"},"content":{"rendered":"<p>[vc_row][vc_column width=\u00a0\u00bb1\/2&Prime;][vc_single_image image=\u00a0\u00bb619&Prime; img_size=\u00a0\u00bbfull\u00a0\u00bb css_animation=\u00a0\u00bbfadeInLeft\u00a0\u00bb][vc_column_text css_animation=\u00a0\u00bbfadeInLeft\u00a0\u00bb]<\/p>\n<h5>Passez nous un coups de fil<\/h5>\n<p>+223 84 63 95 28 &#8211; 75 57 79 41<\/p>\n<h5>Passez nous voir au si\u00e8ge<\/h5>\n<p>Hamdallaye ACI 2000, pr\u00e8s de l&rsquo;immeuble Petroma Rue 378 Porte 154 &#8211; BP E2904<\/p>\n<p>R\u00e9publique du Mali[\/vc_column_text][vc_gmaps link=\u00a0\u00bb#E-8_JTNDaWZyYW1lJTIwdGl0bGUlM0QlMjJFTUlDT00lMjIlMjBzcmMlM0QlMjJodHRwcyUzQSUyRiUyRm1hcHMuZ29vZ2xlLmNvbSUyRm1hcHMlM0ZxJTNERU1JQ09NJTI2YW1wJTNCdCUzRG0lMjZhbXAlM0J6JTNEMTYlMjZhbXAlM0JvdXRwdXQlM0RlbWJlZCUyNmFtcCUzQml3bG9jJTNEbmVhciUyMiUyMGZyYW1lYm9yZGVyJTNEJTIyMCUyMiUyMG1hcmdpbndpZHRoJTNEJTIyMCUyMiUyMG1hcmdpbmhlaWdodCUzRCUyMjAlMjIlMjBzY3JvbGxpbmclM0QlMjJubyUyMiUyMGFyaWEtbGFiZWwlM0QlMjJFTUlDT00lMjIlM0UlM0MlMkZpZnJhbWUlM0U=\u00a0\u00bb css_animation=\u00a0\u00bbfadeInUp\u00a0\u00bb css=\u00a0\u00bb.vc_custom_1613494331729{background-position: center !important;background-repeat: no-repeat !important;background-size: cover !important;}\u00a0\u00bb][\/vc_column][vc_column css_animation=\u00a0\u00bbfadeInRight\u00a0\u00bb width=\u00a0\u00bb1\/2&Prime;]\n<div class=\"wpcf7 no-js\" id=\"wpcf7-f595-o1\" lang=\"fr-FR\" dir=\"ltr\">\n<div class=\"screen-reader-response\"><p role=\"status\" aria-live=\"polite\" aria-atomic=\"true\"><\/p> <ul><\/ul><\/div>\n<form action=\"\/web\/wp-json\/wp\/v2\/pages\/12#wpcf7-f595-o1\" method=\"post\" class=\"wpcf7-form init\" aria-label=\"Formulaire de contact\" novalidate=\"novalidate\" data-status=\"init\">\n<div style=\"display: none;\">\n<input type=\"hidden\" name=\"_wpcf7\" value=\"595\" \/>\n<input type=\"hidden\" name=\"_wpcf7_version\" value=\"5.9.6\" \/>\n<input type=\"hidden\" name=\"_wpcf7_locale\" value=\"fr_FR\" \/>\n<input type=\"hidden\" name=\"_wpcf7_unit_tag\" value=\"wpcf7-f595-o1\" \/>\n<input type=\"hidden\" name=\"_wpcf7_container_post\" value=\"0\" \/>\n<input type=\"hidden\" name=\"_wpcf7_posted_data_hash\" value=\"\" \/>\n<input type=\"hidden\" name=\"_wpcf7_recaptcha_response\" value=\"\" \/>\n<\/div>\n<p><label> Votre nom<br \/>\n<span class=\"wpcf7-form-control-wrap\" data-name=\"your-name\"><input size=\"40\" maxlength=\"80\" class=\"wpcf7-form-control wpcf7-text wpcf7-validates-as-required\" aria-required=\"true\" aria-invalid=\"false\" value=\"\" type=\"text\" name=\"your-name\" \/><\/span> <\/label>\n<\/p>\n<p><label> Votre e-mail<br \/>\n<span class=\"wpcf7-form-control-wrap\" data-name=\"your-email\"><input size=\"40\" maxlength=\"80\" class=\"wpcf7-form-control wpcf7-email wpcf7-text wpcf7-validates-as-email\" aria-invalid=\"false\" value=\"\" type=\"email\" name=\"your-email\" \/><\/span> <\/label>\n<\/p>\n<p><label> Votre num\u00e9ro de t\u00e9l\u00e9phone<br \/>\n<span class=\"wpcf7-form-control-wrap\" data-name=\"tel-593\"><input size=\"40\" maxlength=\"80\" class=\"wpcf7-form-control wpcf7-tel wpcf7-validates-as-required wpcf7-text wpcf7-validates-as-tel\" aria-required=\"true\" aria-invalid=\"false\" value=\"\" type=\"tel\" name=\"tel-593\" \/><\/span> <\/label>\n<\/p>\n<p><label> Votre message<br \/>\n<span class=\"wpcf7-form-control-wrap\" data-name=\"your-message\"><textarea cols=\"40\" rows=\"10\" maxlength=\"400\" class=\"wpcf7-form-control wpcf7-textarea wpcf7-validates-as-required\" aria-required=\"true\" aria-invalid=\"false\" name=\"your-message\"><\/textarea><\/span> <\/label>\n<\/p>\n<p><input class=\"wpcf7-form-control wpcf7-submit has-spinner\" type=\"submit\" value=\"Envoyer\" \/>\n<\/p><p style=\"display: none !important;\" class=\"akismet-fields-container\" data-prefix=\"_wpcf7_ak_\"><label>&#916;<textarea name=\"_wpcf7_ak_hp_textarea\" cols=\"45\" rows=\"8\" maxlength=\"100\"><\/textarea><\/label><input type=\"hidden\" id=\"ak_js_1\" name=\"_wpcf7_ak_js\" value=\"28\"\/><script>document.getElementById( \"ak_js_1\" ).setAttribute( \"value\", ( new Date() ).getTime() );<\/script><\/p><div class=\"wpcf7-response-output\" aria-hidden=\"true\"><\/div>\n<\/form>\n<\/div>\n[\/vc_column][\/vc_row]<\/p>\n","protected":false},"excerpt":{"rendered":"<p>[vc_row][vc_column width=\u00a0\u00bb1\/2&Prime;][vc_single_image image=\u00a0\u00bb619&Prime; img_size=\u00a0\u00bbfull\u00a0\u00bb css_animation=\u00a0\u00bbfadeInLeft\u00a0\u00bb][vc_column_text css_animation=\u00a0\u00bbfadeInLeft\u00a0\u00bb] Passez nous un coups de fil +223 84 63 95 28 &#8211; 75 57 79 41 Passez nous voir au si\u00e8ge Hamdallaye ACI 2000, pr\u00e8s de l&rsquo;immeuble Petroma Rue 378 Porte 154 &#8211; BP E2904 R\u00e9publique du Mali[\/vc_column_text][vc_gmaps link=\u00a0\u00bb#E-8_JTNDaWZyYW1lJTIwdGl0bGUlM0QlMjJFTUlDT00lMjIlMjBzcmMlM0QlMjJodHRwcyUzQSUyRiUyRm1hcHMuZ29vZ2xlLmNvbSUyRm1hcHMlM0ZxJTNERU1JQ09NJTI2YW1wJTNCdCUzRG0lMjZhbXAlM0J6JTNEMTYlMjZhbXAlM0JvdXRwdXQlM0RlbWJlZCUyNmFtcCUzQml3bG9jJTNEbmVhciUyMiUyMGZyYW1lYm9yZGVyJTNEJTIyMCUyMiUyMG1hcmdpbndpZHRoJTNEJTIyMCUyMiUyMG1hcmdpbmhlaWdodCUzRCUyMjAlMjIlMjBzY3JvbGxpbmclM0QlMjJubyUyMiUyMGFyaWEtbGFiZWwlM0QlMjJFTUlDT00lMjIlM0UlM0MlMkZpZnJhbWUlM0U=\u00a0\u00bb css_animation=\u00a0\u00bbfadeInUp\u00a0\u00bb css=\u00a0\u00bb.vc_custom_1613494331729{background-position: center !important;background-repeat: no-repeat !important;background-size: cover !important;}\u00a0\u00bb][\/vc_column][vc_column css_animation=\u00a0\u00bbfadeInRight\u00a0\u00bb width=\u00a0\u00bb1\/2&Prime;][\/vc_column][\/vc_row]<\/p>\n","protected":false},"author":1,"featured_media":0,"parent":0,"menu_order":0,"comment_status":"closed","ping_status":"closed","template":"","meta":[],"yoast_head":"<!-- This site is optimized with the Yoast SEO plugin v23.0 - https:\/\/yoast.com\/wordpress\/plugins\/seo\/ -->\n<title>CONTACT - EMICOM MALI<\/title>\n<meta name=\"description\" content=\"Nous veillons \u00e0 repondre \u00e0 vos questions \u00e0 tout moment sur nos reseaux sociaux et sur notre site internet. N&#039;hesitez pas \u00e0 nous contacter en cas de besoin.\" \/>\n<meta name=\"robots\" content=\"noindex, follow\" \/>\n<meta property=\"og:locale\" content=\"fr_FR\" \/>\n<meta property=\"og:type\" content=\"article\" \/>\n<meta property=\"og:title\" content=\"CONTACT - EMICOM MALI\" \/>\n<meta property=\"og:description\" content=\"Nous veillons \u00e0 repondre \u00e0 vos questions \u00e0 tout moment sur nos reseaux sociaux et sur notre site internet. N&#039;hesitez pas \u00e0 nous contacter en cas de besoin.\" \/>\n<meta property=\"og:url\" content=\"https:\/\/www.emicom-mali.com\/web\/contact\/\" \/>\n<meta property=\"og:site_name\" content=\"EMICOM MALI\" \/>\n<meta property=\"article:publisher\" content=\"https:\/\/www.facebook.com\/Emicom-220426265073528\" \/>\n<meta property=\"article:modified_time\" content=\"2022-12-21T03:29:54+00:00\" \/>\n<meta name=\"twitter:card\" content=\"summary_large_image\" \/>\n<meta name=\"twitter:label1\" content=\"Dur\u00e9e de lecture estim\u00e9e\" \/>\n\t<meta name=\"twitter:data1\" content=\"1 minute\" \/>\n<script type=\"application\/ld+json\" class=\"yoast-schema-graph\">{\"@context\":\"https:\/\/schema.org\",\"@graph\":[{\"@type\":\"WebPage\",\"@id\":\"https:\/\/www.emicom-mali.com\/web\/contact\/\",\"url\":\"https:\/\/www.emicom-mali.com\/web\/contact\/\",\"name\":\"CONTACT - EMICOM MALI\",\"isPartOf\":{\"@id\":\"https:\/\/www.emicom-mali.com\/web\/#website\"},\"datePublished\":\"2016-12-07T11:49:54+00:00\",\"dateModified\":\"2022-12-21T03:29:54+00:00\",\"description\":\"Nous veillons \u00e0 repondre \u00e0 vos questions \u00e0 tout moment sur nos reseaux sociaux et sur notre site internet. N'hesitez pas \u00e0 nous contacter en cas de besoin.\",\"breadcrumb\":{\"@id\":\"https:\/\/www.emicom-mali.com\/web\/contact\/#breadcrumb\"},\"inLanguage\":\"fr-FR\",\"potentialAction\":[{\"@type\":\"ReadAction\",\"target\":[\"https:\/\/www.emicom-mali.com\/web\/contact\/\"]}]},{\"@type\":\"BreadcrumbList\",\"@id\":\"https:\/\/www.emicom-mali.com\/web\/contact\/#breadcrumb\",\"itemListElement\":[{\"@type\":\"ListItem\",\"position\":1,\"name\":\"Accueil\",\"item\":\"https:\/\/www.emicom-mali.com\/web\/\"},{\"@type\":\"ListItem\",\"position\":2,\"name\":\"CONTACT\"}]},{\"@type\":\"WebSite\",\"@id\":\"https:\/\/www.emicom-mali.com\/web\/#website\",\"url\":\"https:\/\/www.emicom-mali.com\/web\/\",\"name\":\"EMICOM MALI\",\"description\":\"En plus nous capturons le soleil\",\"publisher\":{\"@id\":\"https:\/\/www.emicom-mali.com\/web\/#organization\"},\"potentialAction\":[{\"@type\":\"SearchAction\",\"target\":{\"@type\":\"EntryPoint\",\"urlTemplate\":\"https:\/\/www.emicom-mali.com\/web\/?s={search_term_string}\"},\"query-input\":\"required name=search_term_string\"}],\"inLanguage\":\"fr-FR\"},{\"@type\":\"Organization\",\"@id\":\"https:\/\/www.emicom-mali.com\/web\/#organization\",\"name\":\"EMICOM MALI\",\"url\":\"https:\/\/www.emicom-mali.com\/web\/\",\"logo\":{\"@type\":\"ImageObject\",\"inLanguage\":\"fr-FR\",\"@id\":\"https:\/\/www.emicom-mali.com\/web\/#\/schema\/logo\/image\/\",\"url\":\"https:\/\/www.emicom-mali.com\/web\/wp-content\/uploads\/2016\/12\/logo-nom.png\",\"contentUrl\":\"https:\/\/www.emicom-mali.com\/web\/wp-content\/uploads\/2016\/12\/logo-nom.png\",\"width\":172,\"height\":105,\"caption\":\"EMICOM MALI\"},\"image\":{\"@id\":\"https:\/\/www.emicom-mali.com\/web\/#\/schema\/logo\/image\/\"},\"sameAs\":[\"https:\/\/www.facebook.com\/Emicom-220426265073528\"]}]}<\/script>\n<!-- \/ Yoast SEO plugin. -->","yoast_head_json":{"title":"CONTACT - EMICOM MALI","description":"Nous veillons \u00e0 repondre \u00e0 vos questions \u00e0 tout moment sur nos reseaux sociaux et sur notre site internet. N'hesitez pas \u00e0 nous contacter en cas de besoin.","robots":{"index":"noindex","follow":"follow"},"og_locale":"fr_FR","og_type":"article","og_title":"CONTACT - EMICOM MALI","og_description":"Nous veillons \u00e0 repondre \u00e0 vos questions \u00e0 tout moment sur nos reseaux sociaux et sur notre site internet. N'hesitez pas \u00e0 nous contacter en cas de besoin.","og_url":"https:\/\/www.emicom-mali.com\/web\/contact\/","og_site_name":"EMICOM MALI","article_publisher":"https:\/\/www.facebook.com\/Emicom-220426265073528","article_modified_time":"2022-12-21T03:29:54+00:00","twitter_card":"summary_large_image","twitter_misc":{"Dur\u00e9e de lecture estim\u00e9e":"1 minute"},"schema":{"@context":"https:\/\/schema.org","@graph":[{"@type":"WebPage","@id":"https:\/\/www.emicom-mali.com\/web\/contact\/","url":"https:\/\/www.emicom-mali.com\/web\/contact\/","name":"CONTACT - EMICOM MALI","isPartOf":{"@id":"https:\/\/www.emicom-mali.com\/web\/#website"},"datePublished":"2016-12-07T11:49:54+00:00","dateModified":"2022-12-21T03:29:54+00:00","description":"Nous veillons \u00e0 repondre \u00e0 vos questions \u00e0 tout moment sur nos reseaux sociaux et sur notre site internet. N'hesitez pas \u00e0 nous contacter en cas de besoin.","breadcrumb":{"@id":"https:\/\/www.emicom-mali.com\/web\/contact\/#breadcrumb"},"inLanguage":"fr-FR","potentialAction":[{"@type":"ReadAction","target":["https:\/\/www.emicom-mali.com\/web\/contact\/"]}]},{"@type":"BreadcrumbList","@id":"https:\/\/www.emicom-mali.com\/web\/contact\/#breadcrumb","itemListElement":[{"@type":"ListItem","position":1,"name":"Accueil","item":"https:\/\/www.emicom-mali.com\/web\/"},{"@type":"ListItem","position":2,"name":"CONTACT"}]},{"@type":"WebSite","@id":"https:\/\/www.emicom-mali.com\/web\/#website","url":"https:\/\/www.emicom-mali.com\/web\/","name":"EMICOM MALI","description":"En plus nous capturons le soleil","publisher":{"@id":"https:\/\/www.emicom-mali.com\/web\/#organization"},"potentialAction":[{"@type":"SearchAction","target":{"@type":"EntryPoint","urlTemplate":"https:\/\/www.emicom-mali.com\/web\/?s={search_term_string}"},"query-input":"required name=search_term_string"}],"inLanguage":"fr-FR"},{"@type":"Organization","@id":"https:\/\/www.emicom-mali.com\/web\/#organization","name":"EMICOM MALI","url":"https:\/\/www.emicom-mali.com\/web\/","logo":{"@type":"ImageObject","inLanguage":"fr-FR","@id":"https:\/\/www.emicom-mali.com\/web\/#\/schema\/logo\/image\/","url":"https:\/\/www.emicom-mali.com\/web\/wp-content\/uploads\/2016\/12\/logo-nom.png","contentUrl":"https:\/\/www.emicom-mali.com\/web\/wp-content\/uploads\/2016\/12\/logo-nom.png","width":172,"height":105,"caption":"EMICOM MALI"},"image":{"@id":"https:\/\/www.emicom-mali.com\/web\/#\/schema\/logo\/image\/"},"sameAs":["https:\/\/www.facebook.com\/Emicom-220426265073528"]}]}},"_links":{"self":[{"href":"https:\/\/www.emicom-mali.com\/web\/wp-json\/wp\/v2\/pages\/12"}],"collection":[{"href":"https:\/\/www.emicom-mali.com\/web\/wp-json\/wp\/v2\/pages"}],"about":[{"href":"https:\/\/www.emicom-mali.com\/web\/wp-json\/wp\/v2\/types\/page"}],"author":[{"embeddable":true,"href":"https:\/\/www.emicom-mali.com\/web\/wp-json\/wp\/v2\/users\/1"}],"replies":[{"embeddable":true,"href":"https:\/\/www.emicom-mali.com\/web\/wp-json\/wp\/v2\/comments?post=12"}],"version-history":[{"count":46,"href":"https:\/\/www.emicom-mali.com\/web\/wp-json\/wp\/v2\/pages\/12\/revisions"}],"predecessor-version":[{"id":797,"href":"https:\/\/www.emicom-mali.com\/web\/wp-json\/wp\/v2\/pages\/12\/revisions\/797"}],"wp:attachment":[{"href":"https:\/\/www.emicom-mali.com\/web\/wp-json\/wp\/v2\/media?parent=12"}],"curies":[{"name":"wp","href":"https:\/\/api.w.org\/{rel}","templated":true}]}}