{"id":6,"date":"2016-12-07T12:49:09","date_gmt":"2016-12-07T11:49:09","guid":{"rendered":"http:\/\/192.168.1.103\/emicom\/?page_id=6"},"modified":"2021-11-08T19:35:21","modified_gmt":"2021-11-08T18:35:21","slug":"produits-et-services","status":"publish","type":"page","link":"https:\/\/www.emicom-mali.com\/web\/produits-et-services\/","title":{"rendered":"PRODUITS"},"content":{"rendered":"<p>[vc_row][vc_column][\/vc_column][\/vc_row][vc_row][vc_column width=\u00a0\u00bb1\/2&Prime;]<style type=\"text\/css\" data-type=\"the7_shortcodes-inline-css\">.shortcode-single-image-wrap.shortcode-single-image-b6f1b48535082fb8ec65227fe591c122.enable-bg-rollover .rollover i,\n.shortcode-single-image-wrap.shortcode-single-image-b6f1b48535082fb8ec65227fe591c122.enable-bg-rollover .rollover-video i {\n  background: -webkit-linear-gradient();\n  background: linear-gradient();\n}\n.shortcode-single-image-wrap.shortcode-single-image-b6f1b48535082fb8ec65227fe591c122 .rollover-icon {\n  font-size: 32px;\n  color: #ffffff;\n  min-width: 44px;\n  min-height: 44px;\n  line-height: 44px;\n  border-radius: 100px;\n  border-style: solid;\n  border-width: 0px;\n}\n.dt-icon-bg-on.shortcode-single-image-wrap.shortcode-single-image-b6f1b48535082fb8ec65227fe591c122 .rollover-icon {\n  background: rgba(255,255,255,0.3);\n  box-shadow: none;\n}\n<\/style><div class=\"shortcode-single-image-wrap shortcode-single-image-b6f1b48535082fb8ec65227fe591c122 alignnone shake animate-element  enable-bg-rollover dt-icon-bg-off\" style=\"margin-top:0px; margin-bottom:0px; margin-left:0px; margin-right:0px;\"><div class=\"shortcode-single-image\"><div class=\"fancy-media-wrap\" style=\"\"><img loading=\"lazy\" decoding=\"async\" class=\"preload-me\" src=\"https:\/\/www.emicom-mali.com\/web\/wp-content\/uploads\/2021\/02\/Futurepump-800x534-2.jpg\" srcset=\"https:\/\/www.emicom-mali.com\/web\/wp-content\/uploads\/2021\/02\/Futurepump-800x534-2.jpg 800w\" sizes=\"800px\" width=\"800\" height=\"534\"  data-dt-location=\"https:\/\/www.emicom-mali.com\/web\/accueil\/futurepump-800x534-2\/\" style=\"\" alt=\"\" \/><\/div><\/div><\/div>[\/vc_column][vc_column width=\u00a0\u00bb1\/2&Prime;][vc_custom_heading text=\u00a0\u00bbPompes solaires Futurepump SF2&Prime; font_container=\u00a0\u00bbtag:h3|text_align:center\u00a0\u00bb use_theme_fonts=\u00a0\u00bbyes\u00a0\u00bb css_animation=\u00a0\u00bbfadeInUp\u00a0\u00bb][vc_column_text]Le kit d\u2019irrigation solaire SF2 am\u00e9lior\u00e9 est une innovation qui r\u00e9pond aux probl\u00e9matiques des petits agriculteurs. Il permet d\u2019irriguer les cultures sans efforts physiques et sans combustibles fossiles. Le kit combine une pompe de surface fonctionnant \u00e0 l\u2019\u00e9nergie solaire gr\u00e2ce \u00e0 ses panneaux photovolta\u00efques d\u2019une puissance de 120 watts coupl\u00e9 \u00e0 une pompe immerg\u00e9e fonctionnant par pression hydraulique \u00e0 l\u2019aide d\u2019un r\u00e9servoir d\u2019eau. Ce dispositif innovant permet \u00e0 son utilisateur de puiser l\u2019eau \u00e0 partir d\u2019un puis allant jusqu\u2019\u00e0 25 m\u00e8tres de profondeur.[\/vc_column_text]<style type=\"text\/css\" data-type=\"the7_shortcodes-inline-css\">#default-btn-1d26cce3d5889f908fb6dad1acb40679.ico-right-side > i {\n  margin-right: 0px;\n  margin-left: 8px;\n}\n#default-btn-1d26cce3d5889f908fb6dad1acb40679 > i {\n  margin-right: 8px;\n}\n#default-btn-1d26cce3d5889f908fb6dad1acb40679 * {\n  vertical-align: middle;\n}\n<\/style><div class=\"btn-align-center\"><a href=\"https:\/\/www.emicom-mali.com\/web\/futurpump\/\" class=\"default-btn-shortcode dt-btn dt-btn-m fadeInUp animate-element animation-builder link-hover-off \" id=\"default-btn-1d26cce3d5889f908fb6dad1acb40679\"><i class=\"icomoon-the7-font-the7-zoom-02\"><\/i><span>Voir le produit<\/span><\/a><\/div>[\/vc_column][\/vc_row][vc_row][vc_column][vc_empty_space height=\u00a0\u00bb90px\u00a0\u00bb]<div class=\"gap\" style=\"line-height: 90px; height: 90px;\"><\/div>[\/vc_column][\/vc_row][vc_row][vc_column width=\u00a0\u00bb1\/2&Prime;][vc_custom_heading text=\u00a0\u00bbKits Enerstore Backup\u00a0\u00bb font_container=\u00a0\u00bbtag:h3|text_align:center\u00a0\u00bb use_theme_fonts=\u00a0\u00bbyes\u00a0\u00bb css_animation=\u00a0\u00bbfadeInUp\u00a0\u00bb][vc_column_text]<\/p>\n<div class=\"boxes\">\n<div class=\"box two first\">\n<h4>ENERSTORE BACKUP<\/h4>\n<p>Notre gamme de syst\u00e8mes anti d\u00e9lestage, appel\u00e9s aussi backup \u00e9nergie, sont une solution efficace de continuit\u00e9 de service \u00e0 tout moment. Il s&rsquo;agit d&rsquo;un ensemble de batteries qui sont charg\u00e9es par le r\u00e9seau. En cas de coupure de courant, le syst\u00e8me bascule automatiquement sur le backup d&rsquo;\u00e9nergie et ce de fa\u00e7on totalement transparent pour les utilisateurs.<\/p>\n<\/div>\n<div class=\"box two last\">\n<h4>ENERSTORE HOME<\/h4>\n<p>Nous avons \u00e9galement des kits permettant d&rsquo;electrifier enti\u00e8rement des habitations ou de grandes infrastructures. Le kit se compose de batteries aliment\u00e9es par un champs de panneaux solaires. Une fiche comparative se trouve sur <a href=\"http:\/\/www.emicom-mali.com\/web\/produits-et-services\/enerstore-home\/\">cette page<\/a><\/p>\n<\/div>\n<\/div>\n<p>[\/vc_column_text]<style type=\"text\/css\" data-type=\"the7_shortcodes-inline-css\">#default-btn-facb8f662c8322f45f4484cfb85047ff.ico-right-side > i {\n  margin-right: 0px;\n  margin-left: 8px;\n}\n#default-btn-facb8f662c8322f45f4484cfb85047ff > i {\n  margin-right: 8px;\n}\n#default-btn-facb8f662c8322f45f4484cfb85047ff * {\n  vertical-align: middle;\n}\n<\/style><div class=\"btn-align-center\"><a href=\"http:\/\/www.emicom-mali.com\/web\/produits-et-services\/enerstore-home\/\" class=\"default-btn-shortcode dt-btn dt-btn-m fadeInUp animate-element animation-builder link-hover-off \" id=\"default-btn-facb8f662c8322f45f4484cfb85047ff\"><i class=\"icomoon-the7-font-the7-zoom-02\"><\/i><span>Voir le produit<\/span><\/a><\/div>[\/vc_column][vc_column width=\u00a0\u00bb1\/2&Prime;]<style type=\"text\/css\" data-type=\"the7_shortcodes-inline-css\">.shortcode-single-image-wrap.shortcode-single-image-4bde3feab8e36722e1a6a1c51968480c.enable-bg-rollover .rollover i,\n.shortcode-single-image-wrap.shortcode-single-image-4bde3feab8e36722e1a6a1c51968480c.enable-bg-rollover .rollover-video i {\n  background: -webkit-linear-gradient();\n  background: linear-gradient();\n}\n.shortcode-single-image-wrap.shortcode-single-image-4bde3feab8e36722e1a6a1c51968480c .rollover-icon {\n  font-size: 32px;\n  color: #ffffff;\n  min-width: 44px;\n  min-height: 44px;\n  line-height: 44px;\n  border-radius: 100px;\n  border-style: solid;\n  border-width: 0px;\n}\n.dt-icon-bg-on.shortcode-single-image-wrap.shortcode-single-image-4bde3feab8e36722e1a6a1c51968480c .rollover-icon {\n  background: rgba(255,255,255,0.3);\n  box-shadow: none;\n}\n<\/style><div class=\"shortcode-single-image-wrap shortcode-single-image-4bde3feab8e36722e1a6a1c51968480c alignnone shake animate-element  enable-bg-rollover dt-icon-bg-off\" style=\"margin-top:0px; margin-bottom:0px; margin-left:0px; margin-right:0px;\"><div class=\"shortcode-single-image\"><div class=\"fancy-media-wrap\" style=\"\"><img loading=\"lazy\" decoding=\"async\" class=\"preload-me\" src=\"https:\/\/www.emicom-mali.com\/web\/wp-content\/uploads\/2021\/02\/HID-hybrid.jpg\" srcset=\"https:\/\/www.emicom-mali.com\/web\/wp-content\/uploads\/2021\/02\/HID-hybrid.jpg 800w\" sizes=\"800px\" width=\"800\" height=\"534\"  data-dt-location=\"https:\/\/www.emicom-mali.com\/web\/accueil\/hid-hybrid\/\" style=\"\" alt=\"\" \/><\/div><\/div><\/div>[\/vc_column][\/vc_row][vc_row][vc_column][vc_empty_space height=\u00a0\u00bb90px\u00a0\u00bb][\/vc_column][\/vc_row][vc_row][vc_column width=\u00a0\u00bb1\/2&Prime;][vc_custom_heading text=\u00a0\u00bbBatteries HITACHI\u00a0\u00bb font_container=\u00a0\u00bbtag:h3|text_align:center\u00a0\u00bb use_theme_fonts=\u00a0\u00bbyes\u00a0\u00bb css_animation=\u00a0\u00bbfadeInUp\u00a0\u00bb][vc_column_text]Nous vous pr\u00e9sentons ici, notre gamme de batterie HITACHI de longue dur\u00e9e de vie.<br \/>\nLes Batteries au Plomb-acide HITACHI industrielles offrent le plus faible co\u00fbt de stockage par kWh pour les applications quotidiennes du cycle complet de charge\/d\u00e9charge par rapport \u00e0 toute autre batterie sur le march\u00e9.<br \/>\nCette batterie a \u00e9t\u00e9 sp\u00e9cialement d\u00e9velopp\u00e9e pour les applications photovolta\u00efques avec un cycle de charge et d\u00e9charge complet par jour.<br \/>\nGr\u00e2ce \u00e0 des tests intensifs sur le terrain, HITACHI a prouv\u00e9 que la batterie est r\u00e9sistante sous les conditions de fonctionnement suivantes :<\/p>\n<ul>\n<li>Charge et d\u00e9charge avec surcharge en climat chaud (saison s\u00e8che d\u2019\u00e9t\u00e9)<\/li>\n<li>Charge et d\u00e9charge \u00e0 basse charge et climat chaud (saison des pluies dans les r\u00e9gions tropicales)<\/li>\n<li>Charge et d\u00e9charge \u00e0 basse temp\u00e9rature \u00e0 un \u00e9tat de charge faible (saison d\u2019hiver)<\/li>\n<\/ul>\n<p>[\/vc_column_text][\/vc_column][vc_column width=\u00a0\u00bb1\/2&Prime;]<style type=\"text\/css\" data-type=\"the7_shortcodes-inline-css\">.shortcode-single-image-wrap.shortcode-single-image-8fcc29c6d875f71f97b09db55f326e9a.enable-bg-rollover .rollover i,\n.shortcode-single-image-wrap.shortcode-single-image-8fcc29c6d875f71f97b09db55f326e9a.enable-bg-rollover .rollover-video i {\n  background: -webkit-linear-gradient();\n  background: linear-gradient();\n}\n.shortcode-single-image-wrap.shortcode-single-image-8fcc29c6d875f71f97b09db55f326e9a .rollover-icon {\n  font-size: 32px;\n  color: #ffffff;\n  min-width: 44px;\n  min-height: 44px;\n  line-height: 44px;\n  border-radius: 100px;\n  border-style: solid;\n  border-width: 0px;\n}\n.dt-icon-bg-on.shortcode-single-image-wrap.shortcode-single-image-8fcc29c6d875f71f97b09db55f326e9a .rollover-icon {\n  background: rgba(255,255,255,0.3);\n  box-shadow: none;\n}\n<\/style><div class=\"shortcode-single-image-wrap shortcode-single-image-8fcc29c6d875f71f97b09db55f326e9a alignnone shake animate-element  enable-bg-rollover dt-icon-bg-off\" style=\"margin-top:0px; margin-bottom:0px; margin-left:0px; margin-right:0px;\"><div class=\"shortcode-single-image\"><div class=\"fancy-media-wrap\" style=\"\"><img loading=\"lazy\" decoding=\"async\" class=\"preload-me\" src=\"https:\/\/www.emicom-mali.com\/web\/wp-content\/uploads\/2021\/02\/Batterie-HITACHI-web.jpg\" srcset=\"https:\/\/www.emicom-mali.com\/web\/wp-content\/uploads\/2021\/02\/Batterie-HITACHI-web.jpg 500w\" sizes=\"500px\" width=\"500\" height=\"500\"  data-dt-location=\"https:\/\/www.emicom-mali.com\/web\/accueil\/batterie-hitachi-web\/\" style=\"\" alt=\"\" \/><\/div><\/div><\/div>[\/vc_column][\/vc_row][vc_row][vc_column][vc_empty_space height=\u00a0\u00bb90px\u00a0\u00bb][\/vc_column][\/vc_row][vc_row][vc_column width=\u00a0\u00bb1\/3&Prime;]<style type=\"text\/css\" data-type=\"the7_shortcodes-inline-css\">.shortcode-single-image-wrap.shortcode-single-image-1d44a67c4e96c8e196a3b694ab53b998.enable-bg-rollover .rollover i,\n.shortcode-single-image-wrap.shortcode-single-image-1d44a67c4e96c8e196a3b694ab53b998.enable-bg-rollover .rollover-video i {\n  background: -webkit-linear-gradient();\n  background: linear-gradient();\n}\n.shortcode-single-image-wrap.shortcode-single-image-1d44a67c4e96c8e196a3b694ab53b998 .rollover-icon {\n  font-size: 32px;\n  color: #ffffff;\n  min-width: 44px;\n  min-height: 44px;\n  line-height: 44px;\n  border-radius: 100px;\n  border-style: solid;\n  border-width: 0px;\n}\n.dt-icon-bg-on.shortcode-single-image-wrap.shortcode-single-image-1d44a67c4e96c8e196a3b694ab53b998 .rollover-icon {\n  background: rgba(255,255,255,0.3);\n  box-shadow: none;\n}\n<\/style><div class=\"shortcode-single-image-wrap shortcode-single-image-1d44a67c4e96c8e196a3b694ab53b998 alignnone fadeInUp animate-element  enable-bg-rollover dt-icon-bg-off\" style=\"margin-top:0px; margin-bottom:0px; margin-left:0px; margin-right:0px;\"><div class=\"shortcode-single-image\"><div class=\"fancy-media-wrap\" style=\"\"><img loading=\"lazy\" decoding=\"async\" class=\"preload-me\" src=\"https:\/\/www.emicom-mali.com\/web\/wp-content\/uploads\/2021\/02\/d-light-sample.jpg\" srcset=\"https:\/\/www.emicom-mali.com\/web\/wp-content\/uploads\/2021\/02\/d-light-sample.jpg 500w\" sizes=\"500px\" width=\"500\" height=\"500\"  data-dt-location=\"https:\/\/www.emicom-mali.com\/web\/accueil\/d-light-sample\/\" style=\"\" alt=\"\" \/><\/div><\/div><\/div>[vc_custom_heading text=\u00a0\u00bbKits D.Light\u00a0\u00bb font_container=\u00a0\u00bbtag:h3|text_align:center\u00a0\u00bb use_theme_fonts=\u00a0\u00bbyes\u00a0\u00bb css_animation=\u00a0\u00bbfadeInUp\u00a0\u00bb][\/vc_column][vc_column width=\u00a0\u00bb1\/3&Prime;]<style type=\"text\/css\" data-type=\"the7_shortcodes-inline-css\">.shortcode-single-image-wrap.shortcode-single-image-de2ea5314dfee13f5b8049273059233e.enable-bg-rollover .rollover i,\n.shortcode-single-image-wrap.shortcode-single-image-de2ea5314dfee13f5b8049273059233e.enable-bg-rollover .rollover-video i {\n  background: -webkit-linear-gradient();\n  background: linear-gradient();\n}\n.shortcode-single-image-wrap.shortcode-single-image-de2ea5314dfee13f5b8049273059233e .rollover-icon {\n  font-size: 32px;\n  color: #ffffff;\n  min-width: 44px;\n  min-height: 44px;\n  line-height: 44px;\n  border-radius: 100px;\n  border-style: solid;\n  border-width: 0px;\n}\n.dt-icon-bg-on.shortcode-single-image-wrap.shortcode-single-image-de2ea5314dfee13f5b8049273059233e .rollover-icon {\n  background: rgba(255,255,255,0.3);\n  box-shadow: none;\n}\n<\/style><div class=\"shortcode-single-image-wrap shortcode-single-image-de2ea5314dfee13f5b8049273059233e alignnone fadeInUp animate-element  enable-bg-rollover dt-icon-bg-off\" style=\"margin-top:0px; margin-bottom:0px; margin-left:0px; margin-right:0px;\"><div class=\"shortcode-single-image\"><div class=\"fancy-media-wrap\" style=\"\"><img loading=\"lazy\" decoding=\"async\" class=\"preload-me\" src=\"https:\/\/www.emicom-mali.com\/web\/wp-content\/uploads\/2021\/02\/lampadaire-ciel-web.jpg\" srcset=\"https:\/\/www.emicom-mali.com\/web\/wp-content\/uploads\/2021\/02\/lampadaire-ciel-web.jpg 800w\" sizes=\"800px\" width=\"800\" height=\"800\"  data-dt-location=\"https:\/\/www.emicom-mali.com\/web\/accueil\/lampadaire-ciel-web\/\" style=\"\" alt=\"\" \/><\/div><\/div><\/div>[vc_custom_heading text=\u00a0\u00bbLampadaires solaires\u00a0\u00bb font_container=\u00a0\u00bbtag:h3|text_align:center\u00a0\u00bb use_theme_fonts=\u00a0\u00bbyes\u00a0\u00bb css_animation=\u00a0\u00bbfadeInUp\u00a0\u00bb][\/vc_column][vc_column width=\u00a0\u00bb1\/3&Prime;]<style type=\"text\/css\" data-type=\"the7_shortcodes-inline-css\">.shortcode-single-image-wrap.shortcode-single-image-851c09bd90f0de53b6b0f0276d32dc8f.enable-bg-rollover .rollover i,\n.shortcode-single-image-wrap.shortcode-single-image-851c09bd90f0de53b6b0f0276d32dc8f.enable-bg-rollover .rollover-video i {\n  background: -webkit-linear-gradient();\n  background: linear-gradient();\n}\n.shortcode-single-image-wrap.shortcode-single-image-851c09bd90f0de53b6b0f0276d32dc8f .rollover-icon {\n  font-size: 32px;\n  color: #ffffff;\n  min-width: 44px;\n  min-height: 44px;\n  line-height: 44px;\n  border-radius: 100px;\n  border-style: solid;\n  border-width: 0px;\n}\n.dt-icon-bg-on.shortcode-single-image-wrap.shortcode-single-image-851c09bd90f0de53b6b0f0276d32dc8f .rollover-icon {\n  background: rgba(255,255,255,0.3);\n  box-shadow: none;\n}\n<\/style><div class=\"shortcode-single-image-wrap shortcode-single-image-851c09bd90f0de53b6b0f0276d32dc8f alignnone fadeInUp animate-element  enable-bg-rollover dt-icon-bg-off\" style=\"margin-top:0px; margin-bottom:0px; margin-left:0px; margin-right:0px;\"><div class=\"shortcode-single-image\"><div class=\"fancy-media-wrap\" style=\"\"><img loading=\"lazy\" decoding=\"async\" class=\"preload-me\" src=\"https:\/\/www.emicom-mali.com\/web\/wp-content\/uploads\/2017\/02\/Feuxtricoloresolaire.jpg\" srcset=\"https:\/\/www.emicom-mali.com\/web\/wp-content\/uploads\/2017\/02\/Feuxtricoloresolaire.jpg 570w\" sizes=\"570px\" width=\"570\" height=\"493\"  data-dt-location=\"https:\/\/www.emicom-mali.com\/web\/feuxtricoloresolaire\/\" style=\"\" alt=\"\" \/><\/div><\/div><\/div>[vc_custom_heading text=\u00a0\u00bbFeux tricolors\u00a0\u00bb font_container=\u00a0\u00bbtag:h3|text_align:center\u00a0\u00bb use_theme_fonts=\u00a0\u00bbyes\u00a0\u00bb css_animation=\u00a0\u00bbfadeInUp\u00a0\u00bb][\/vc_column][\/vc_row]<\/p>\n","protected":false},"excerpt":{"rendered":"<p>[vc_row][vc_column][\/vc_column][\/vc_row][vc_row][vc_column width=\u00a0\u00bb1\/2&Prime;][\/vc_column][vc_column width=\u00a0\u00bb1\/2&Prime;][vc_custom_heading text=\u00a0\u00bbPompes solaires Futurepump SF2&Prime; font_container=\u00a0\u00bbtag:h3|text_align:center\u00a0\u00bb use_theme_fonts=\u00a0\u00bbyes\u00a0\u00bb css_animation=\u00a0\u00bbfadeInUp\u00a0\u00bb][vc_column_text]Le kit d\u2019irrigation solaire SF2 am\u00e9lior\u00e9 est une innovation qui r\u00e9pond aux probl\u00e9matiques des petits agriculteurs. Il permet d\u2019irriguer les cultures sans efforts physiques et sans combustibles fossiles. Le kit combine une pompe de surface fonctionnant \u00e0 l\u2019\u00e9nergie solaire gr\u00e2ce \u00e0 ses panneaux photovolta\u00efques d\u2019une puissance&hellip;<\/p>\n","protected":false},"author":1,"featured_media":0,"parent":0,"menu_order":0,"comment_status":"closed","ping_status":"closed","template":"","meta":[],"yoast_head":"<!-- This site is optimized with the Yoast SEO plugin v23.0 - https:\/\/yoast.com\/wordpress\/plugins\/seo\/ -->\n<title>PRODUITS - EMICOM MALI<\/title>\n<meta name=\"description\" content=\"Nous avons des solutions efficaces de continuit\u00e9 de service \u00e0 tout moment. Des kits de batteries qui sont charg\u00e9es par le r\u00e9seau et\/ou des panneaux solaires\" \/>\n<meta name=\"robots\" content=\"index, follow, max-snippet:-1, max-image-preview:large, max-video-preview:-1\" \/>\n<link rel=\"canonical\" href=\"https:\/\/www.emicom-mali.com\/web\/produits-et-services\/\" \/>\n<meta property=\"og:locale\" content=\"fr_FR\" \/>\n<meta property=\"og:type\" content=\"article\" \/>\n<meta property=\"og:title\" content=\"PRODUITS - EMICOM MALI\" \/>\n<meta property=\"og:description\" content=\"Nous avons des solutions efficaces de continuit\u00e9 de service \u00e0 tout moment. Des kits de batteries qui sont charg\u00e9es par le r\u00e9seau et\/ou des panneaux solaires\" \/>\n<meta property=\"og:url\" content=\"https:\/\/www.emicom-mali.com\/web\/produits-et-services\/\" \/>\n<meta property=\"og:site_name\" content=\"EMICOM MALI\" \/>\n<meta property=\"article:publisher\" content=\"https:\/\/www.facebook.com\/Emicom-220426265073528\" \/>\n<meta property=\"article:modified_time\" content=\"2021-11-08T18:35:21+00:00\" \/>\n<meta name=\"twitter:card\" content=\"summary_large_image\" \/>\n<meta name=\"twitter:label1\" content=\"Dur\u00e9e de lecture estim\u00e9e\" \/>\n\t<meta name=\"twitter:data1\" content=\"2 minutes\" \/>\n<script type=\"application\/ld+json\" class=\"yoast-schema-graph\">{\"@context\":\"https:\/\/schema.org\",\"@graph\":[{\"@type\":\"WebPage\",\"@id\":\"https:\/\/www.emicom-mali.com\/web\/produits-et-services\/\",\"url\":\"https:\/\/www.emicom-mali.com\/web\/produits-et-services\/\",\"name\":\"PRODUITS - EMICOM MALI\",\"isPartOf\":{\"@id\":\"https:\/\/www.emicom-mali.com\/web\/#website\"},\"datePublished\":\"2016-12-07T11:49:09+00:00\",\"dateModified\":\"2021-11-08T18:35:21+00:00\",\"description\":\"Nous avons des solutions efficaces de continuit\u00e9 de service \u00e0 tout moment. Des kits de batteries qui sont charg\u00e9es par le r\u00e9seau et\/ou des panneaux solaires\",\"breadcrumb\":{\"@id\":\"https:\/\/www.emicom-mali.com\/web\/produits-et-services\/#breadcrumb\"},\"inLanguage\":\"fr-FR\",\"potentialAction\":[{\"@type\":\"ReadAction\",\"target\":[\"https:\/\/www.emicom-mali.com\/web\/produits-et-services\/\"]}]},{\"@type\":\"BreadcrumbList\",\"@id\":\"https:\/\/www.emicom-mali.com\/web\/produits-et-services\/#breadcrumb\",\"itemListElement\":[{\"@type\":\"ListItem\",\"position\":1,\"name\":\"Accueil\",\"item\":\"https:\/\/www.emicom-mali.com\/web\/\"},{\"@type\":\"ListItem\",\"position\":2,\"name\":\"PRODUITS\"}]},{\"@type\":\"WebSite\",\"@id\":\"https:\/\/www.emicom-mali.com\/web\/#website\",\"url\":\"https:\/\/www.emicom-mali.com\/web\/\",\"name\":\"EMICOM MALI\",\"description\":\"En plus nous capturons le soleil\",\"publisher\":{\"@id\":\"https:\/\/www.emicom-mali.com\/web\/#organization\"},\"potentialAction\":[{\"@type\":\"SearchAction\",\"target\":{\"@type\":\"EntryPoint\",\"urlTemplate\":\"https:\/\/www.emicom-mali.com\/web\/?s={search_term_string}\"},\"query-input\":\"required name=search_term_string\"}],\"inLanguage\":\"fr-FR\"},{\"@type\":\"Organization\",\"@id\":\"https:\/\/www.emicom-mali.com\/web\/#organization\",\"name\":\"EMICOM MALI\",\"url\":\"https:\/\/www.emicom-mali.com\/web\/\",\"logo\":{\"@type\":\"ImageObject\",\"inLanguage\":\"fr-FR\",\"@id\":\"https:\/\/www.emicom-mali.com\/web\/#\/schema\/logo\/image\/\",\"url\":\"https:\/\/www.emicom-mali.com\/web\/wp-content\/uploads\/2016\/12\/logo-nom.png\",\"contentUrl\":\"https:\/\/www.emicom-mali.com\/web\/wp-content\/uploads\/2016\/12\/logo-nom.png\",\"width\":172,\"height\":105,\"caption\":\"EMICOM MALI\"},\"image\":{\"@id\":\"https:\/\/www.emicom-mali.com\/web\/#\/schema\/logo\/image\/\"},\"sameAs\":[\"https:\/\/www.facebook.com\/Emicom-220426265073528\"]}]}<\/script>\n<!-- \/ Yoast SEO plugin. -->","yoast_head_json":{"title":"PRODUITS - EMICOM MALI","description":"Nous avons des solutions efficaces de continuit\u00e9 de service \u00e0 tout moment. Des kits de batteries qui sont charg\u00e9es par le r\u00e9seau et\/ou des panneaux solaires","robots":{"index":"index","follow":"follow","max-snippet":"max-snippet:-1","max-image-preview":"max-image-preview:large","max-video-preview":"max-video-preview:-1"},"canonical":"https:\/\/www.emicom-mali.com\/web\/produits-et-services\/","og_locale":"fr_FR","og_type":"article","og_title":"PRODUITS - EMICOM MALI","og_description":"Nous avons des solutions efficaces de continuit\u00e9 de service \u00e0 tout moment. Des kits de batteries qui sont charg\u00e9es par le r\u00e9seau et\/ou des panneaux solaires","og_url":"https:\/\/www.emicom-mali.com\/web\/produits-et-services\/","og_site_name":"EMICOM MALI","article_publisher":"https:\/\/www.facebook.com\/Emicom-220426265073528","article_modified_time":"2021-11-08T18:35:21+00:00","twitter_card":"summary_large_image","twitter_misc":{"Dur\u00e9e de lecture estim\u00e9e":"2 minutes"},"schema":{"@context":"https:\/\/schema.org","@graph":[{"@type":"WebPage","@id":"https:\/\/www.emicom-mali.com\/web\/produits-et-services\/","url":"https:\/\/www.emicom-mali.com\/web\/produits-et-services\/","name":"PRODUITS - EMICOM MALI","isPartOf":{"@id":"https:\/\/www.emicom-mali.com\/web\/#website"},"datePublished":"2016-12-07T11:49:09+00:00","dateModified":"2021-11-08T18:35:21+00:00","description":"Nous avons des solutions efficaces de continuit\u00e9 de service \u00e0 tout moment. Des kits de batteries qui sont charg\u00e9es par le r\u00e9seau et\/ou des panneaux solaires","breadcrumb":{"@id":"https:\/\/www.emicom-mali.com\/web\/produits-et-services\/#breadcrumb"},"inLanguage":"fr-FR","potentialAction":[{"@type":"ReadAction","target":["https:\/\/www.emicom-mali.com\/web\/produits-et-services\/"]}]},{"@type":"BreadcrumbList","@id":"https:\/\/www.emicom-mali.com\/web\/produits-et-services\/#breadcrumb","itemListElement":[{"@type":"ListItem","position":1,"name":"Accueil","item":"https:\/\/www.emicom-mali.com\/web\/"},{"@type":"ListItem","position":2,"name":"PRODUITS"}]},{"@type":"WebSite","@id":"https:\/\/www.emicom-mali.com\/web\/#website","url":"https:\/\/www.emicom-mali.com\/web\/","name":"EMICOM MALI","description":"En plus nous capturons le soleil","publisher":{"@id":"https:\/\/www.emicom-mali.com\/web\/#organization"},"potentialAction":[{"@type":"SearchAction","target":{"@type":"EntryPoint","urlTemplate":"https:\/\/www.emicom-mali.com\/web\/?s={search_term_string}"},"query-input":"required name=search_term_string"}],"inLanguage":"fr-FR"},{"@type":"Organization","@id":"https:\/\/www.emicom-mali.com\/web\/#organization","name":"EMICOM MALI","url":"https:\/\/www.emicom-mali.com\/web\/","logo":{"@type":"ImageObject","inLanguage":"fr-FR","@id":"https:\/\/www.emicom-mali.com\/web\/#\/schema\/logo\/image\/","url":"https:\/\/www.emicom-mali.com\/web\/wp-content\/uploads\/2016\/12\/logo-nom.png","contentUrl":"https:\/\/www.emicom-mali.com\/web\/wp-content\/uploads\/2016\/12\/logo-nom.png","width":172,"height":105,"caption":"EMICOM MALI"},"image":{"@id":"https:\/\/www.emicom-mali.com\/web\/#\/schema\/logo\/image\/"},"sameAs":["https:\/\/www.facebook.com\/Emicom-220426265073528"]}]}},"_links":{"self":[{"href":"https:\/\/www.emicom-mali.com\/web\/wp-json\/wp\/v2\/pages\/6"}],"collection":[{"href":"https:\/\/www.emicom-mali.com\/web\/wp-json\/wp\/v2\/pages"}],"about":[{"href":"https:\/\/www.emicom-mali.com\/web\/wp-json\/wp\/v2\/types\/page"}],"author":[{"embeddable":true,"href":"https:\/\/www.emicom-mali.com\/web\/wp-json\/wp\/v2\/users\/1"}],"replies":[{"embeddable":true,"href":"https:\/\/www.emicom-mali.com\/web\/wp-json\/wp\/v2\/comments?post=6"}],"version-history":[{"count":20,"href":"https:\/\/www.emicom-mali.com\/web\/wp-json\/wp\/v2\/pages\/6\/revisions"}],"predecessor-version":[{"id":779,"href":"https:\/\/www.emicom-mali.com\/web\/wp-json\/wp\/v2\/pages\/6\/revisions\/779"}],"wp:attachment":[{"href":"https:\/\/www.emicom-mali.com\/web\/wp-json\/wp\/v2\/media?parent=6"}],"curies":[{"name":"wp","href":"https:\/\/api.w.org\/{rel}","templated":true}]}}