{"id":663,"date":"2021-02-16T02:50:15","date_gmt":"2021-02-16T01:50:15","guid":{"rendered":"https:\/\/www.emicom-mali.com\/web\/?page_id=663"},"modified":"2021-02-16T02:51:04","modified_gmt":"2021-02-16T01:51:04","slug":"enerstore","status":"publish","type":"page","link":"https:\/\/www.emicom-mali.com\/web\/enerstore\/","title":{"rendered":"Enerstore"},"content":{"rendered":"<h1 style=\"text-align: center;\">Il y&rsquo;a encore deux trois bricoles \u00e0 r\u00e9gler sur cette page!<\/h1>\n<p style=\"text-align: center;\"><b>Nous y travaillons actuellement, merci de revenir ult\u00e9rieurement!<\/b><\/p>\n<p style=\"text-align: center;\"><img loading=\"lazy\" decoding=\"async\" class=\"aligncenter wp-image-46 size-full\" src=\"https:\/\/www.emicom-mali.com\/web\/wp-content\/uploads\/2016\/12\/slide2.jpg\" alt=\"\" width=\"640\" height=\"363\" srcset=\"https:\/\/www.emicom-mali.com\/web\/wp-content\/uploads\/2016\/12\/slide2.jpg 640w, https:\/\/www.emicom-mali.com\/web\/wp-content\/uploads\/2016\/12\/slide2-300x170.jpg 300w\" sizes=\"(max-width: 640px) 100vw, 640px\" \/><\/p>\n<p style=\"text-align: center;\"><a href=\"\/\">Retourner sur la page d&rsquo;accueil<\/a><\/p>\n<p>&nbsp;<\/p>\n","protected":false},"excerpt":{"rendered":"<p>Il y&rsquo;a encore deux trois bricoles \u00e0 r\u00e9gler sur cette page! Nous y travaillons actuellement, merci de revenir ult\u00e9rieurement! Retourner sur la page d&rsquo;accueil &nbsp;<\/p>\n","protected":false},"author":1,"featured_media":0,"parent":0,"menu_order":0,"comment_status":"closed","ping_status":"closed","template":"","meta":[],"yoast_head":"<!-- This site is optimized with the Yoast SEO plugin v23.0 - https:\/\/yoast.com\/wordpress\/plugins\/seo\/ -->\n<title>Enerstore - EMICOM MALI<\/title>\n<meta name=\"robots\" content=\"index, follow, max-snippet:-1, max-image-preview:large, max-video-preview:-1\" \/>\n<link rel=\"canonical\" href=\"https:\/\/www.emicom-mali.com\/web\/enerstore\/\" \/>\n<meta property=\"og:locale\" content=\"fr_FR\" \/>\n<meta property=\"og:type\" content=\"article\" \/>\n<meta property=\"og:title\" content=\"Enerstore - EMICOM MALI\" \/>\n<meta property=\"og:description\" content=\"Il y&rsquo;a encore deux trois bricoles \u00e0 r\u00e9gler sur cette page! Nous y travaillons actuellement, merci de revenir ult\u00e9rieurement! Retourner sur la page d&rsquo;accueil &nbsp;\" \/>\n<meta property=\"og:url\" content=\"https:\/\/www.emicom-mali.com\/web\/enerstore\/\" \/>\n<meta property=\"og:site_name\" content=\"EMICOM MALI\" \/>\n<meta property=\"article:publisher\" content=\"https:\/\/www.facebook.com\/Emicom-220426265073528\" \/>\n<meta property=\"article:modified_time\" content=\"2021-02-16T01:51:04+00:00\" \/>\n<meta property=\"og:image\" content=\"https:\/\/www.emicom-mali.com\/web\/wp-content\/uploads\/2016\/12\/slide2.jpg\" \/>\n<meta name=\"twitter:card\" content=\"summary_large_image\" \/>\n<script type=\"application\/ld+json\" class=\"yoast-schema-graph\">{\"@context\":\"https:\/\/schema.org\",\"@graph\":[{\"@type\":\"WebPage\",\"@id\":\"https:\/\/www.emicom-mali.com\/web\/enerstore\/\",\"url\":\"https:\/\/www.emicom-mali.com\/web\/enerstore\/\",\"name\":\"Enerstore - EMICOM MALI\",\"isPartOf\":{\"@id\":\"https:\/\/www.emicom-mali.com\/web\/#website\"},\"primaryImageOfPage\":{\"@id\":\"https:\/\/www.emicom-mali.com\/web\/enerstore\/#primaryimage\"},\"image\":{\"@id\":\"https:\/\/www.emicom-mali.com\/web\/enerstore\/#primaryimage\"},\"thumbnailUrl\":\"https:\/\/www.emicom-mali.com\/web\/wp-content\/uploads\/2016\/12\/slide2.jpg\",\"datePublished\":\"2021-02-16T01:50:15+00:00\",\"dateModified\":\"2021-02-16T01:51:04+00:00\",\"breadcrumb\":{\"@id\":\"https:\/\/www.emicom-mali.com\/web\/enerstore\/#breadcrumb\"},\"inLanguage\":\"fr-FR\",\"potentialAction\":[{\"@type\":\"ReadAction\",\"target\":[\"https:\/\/www.emicom-mali.com\/web\/enerstore\/\"]}]},{\"@type\":\"ImageObject\",\"inLanguage\":\"fr-FR\",\"@id\":\"https:\/\/www.emicom-mali.com\/web\/enerstore\/#primaryimage\",\"url\":\"https:\/\/www.emicom-mali.com\/web\/wp-content\/uploads\/2016\/12\/slide2.jpg\",\"contentUrl\":\"https:\/\/www.emicom-mali.com\/web\/wp-content\/uploads\/2016\/12\/slide2.jpg\",\"width\":640,\"height\":363},{\"@type\":\"BreadcrumbList\",\"@id\":\"https:\/\/www.emicom-mali.com\/web\/enerstore\/#breadcrumb\",\"itemListElement\":[{\"@type\":\"ListItem\",\"position\":1,\"name\":\"Accueil\",\"item\":\"https:\/\/www.emicom-mali.com\/web\/\"},{\"@type\":\"ListItem\",\"position\":2,\"name\":\"Enerstore\"}]},{\"@type\":\"WebSite\",\"@id\":\"https:\/\/www.emicom-mali.com\/web\/#website\",\"url\":\"https:\/\/www.emicom-mali.com\/web\/\",\"name\":\"EMICOM MALI\",\"description\":\"En plus nous capturons le soleil\",\"publisher\":{\"@id\":\"https:\/\/www.emicom-mali.com\/web\/#organization\"},\"potentialAction\":[{\"@type\":\"SearchAction\",\"target\":{\"@type\":\"EntryPoint\",\"urlTemplate\":\"https:\/\/www.emicom-mali.com\/web\/?s={search_term_string}\"},\"query-input\":\"required name=search_term_string\"}],\"inLanguage\":\"fr-FR\"},{\"@type\":\"Organization\",\"@id\":\"https:\/\/www.emicom-mali.com\/web\/#organization\",\"name\":\"EMICOM MALI\",\"url\":\"https:\/\/www.emicom-mali.com\/web\/\",\"logo\":{\"@type\":\"ImageObject\",\"inLanguage\":\"fr-FR\",\"@id\":\"https:\/\/www.emicom-mali.com\/web\/#\/schema\/logo\/image\/\",\"url\":\"https:\/\/www.emicom-mali.com\/web\/wp-content\/uploads\/2016\/12\/logo-nom.png\",\"contentUrl\":\"https:\/\/www.emicom-mali.com\/web\/wp-content\/uploads\/2016\/12\/logo-nom.png\",\"width\":172,\"height\":105,\"caption\":\"EMICOM MALI\"},\"image\":{\"@id\":\"https:\/\/www.emicom-mali.com\/web\/#\/schema\/logo\/image\/\"},\"sameAs\":[\"https:\/\/www.facebook.com\/Emicom-220426265073528\"]}]}<\/script>\n<!-- \/ Yoast SEO plugin. -->","yoast_head_json":{"title":"Enerstore - EMICOM MALI","robots":{"index":"index","follow":"follow","max-snippet":"max-snippet:-1","max-image-preview":"max-image-preview:large","max-video-preview":"max-video-preview:-1"},"canonical":"https:\/\/www.emicom-mali.com\/web\/enerstore\/","og_locale":"fr_FR","og_type":"article","og_title":"Enerstore - EMICOM MALI","og_description":"Il y&rsquo;a encore deux trois bricoles \u00e0 r\u00e9gler sur cette page! Nous y travaillons actuellement, merci de revenir ult\u00e9rieurement! Retourner sur la page d&rsquo;accueil &nbsp;","og_url":"https:\/\/www.emicom-mali.com\/web\/enerstore\/","og_site_name":"EMICOM MALI","article_publisher":"https:\/\/www.facebook.com\/Emicom-220426265073528","article_modified_time":"2021-02-16T01:51:04+00:00","og_image":[{"url":"https:\/\/www.emicom-mali.com\/web\/wp-content\/uploads\/2016\/12\/slide2.jpg"}],"twitter_card":"summary_large_image","schema":{"@context":"https:\/\/schema.org","@graph":[{"@type":"WebPage","@id":"https:\/\/www.emicom-mali.com\/web\/enerstore\/","url":"https:\/\/www.emicom-mali.com\/web\/enerstore\/","name":"Enerstore - EMICOM MALI","isPartOf":{"@id":"https:\/\/www.emicom-mali.com\/web\/#website"},"primaryImageOfPage":{"@id":"https:\/\/www.emicom-mali.com\/web\/enerstore\/#primaryimage"},"image":{"@id":"https:\/\/www.emicom-mali.com\/web\/enerstore\/#primaryimage"},"thumbnailUrl":"https:\/\/www.emicom-mali.com\/web\/wp-content\/uploads\/2016\/12\/slide2.jpg","datePublished":"2021-02-16T01:50:15+00:00","dateModified":"2021-02-16T01:51:04+00:00","breadcrumb":{"@id":"https:\/\/www.emicom-mali.com\/web\/enerstore\/#breadcrumb"},"inLanguage":"fr-FR","potentialAction":[{"@type":"ReadAction","target":["https:\/\/www.emicom-mali.com\/web\/enerstore\/"]}]},{"@type":"ImageObject","inLanguage":"fr-FR","@id":"https:\/\/www.emicom-mali.com\/web\/enerstore\/#primaryimage","url":"https:\/\/www.emicom-mali.com\/web\/wp-content\/uploads\/2016\/12\/slide2.jpg","contentUrl":"https:\/\/www.emicom-mali.com\/web\/wp-content\/uploads\/2016\/12\/slide2.jpg","width":640,"height":363},{"@type":"BreadcrumbList","@id":"https:\/\/www.emicom-mali.com\/web\/enerstore\/#breadcrumb","itemListElement":[{"@type":"ListItem","position":1,"name":"Accueil","item":"https:\/\/www.emicom-mali.com\/web\/"},{"@type":"ListItem","position":2,"name":"Enerstore"}]},{"@type":"WebSite","@id":"https:\/\/www.emicom-mali.com\/web\/#website","url":"https:\/\/www.emicom-mali.com\/web\/","name":"EMICOM MALI","description":"En plus nous capturons le soleil","publisher":{"@id":"https:\/\/www.emicom-mali.com\/web\/#organization"},"potentialAction":[{"@type":"SearchAction","target":{"@type":"EntryPoint","urlTemplate":"https:\/\/www.emicom-mali.com\/web\/?s={search_term_string}"},"query-input":"required name=search_term_string"}],"inLanguage":"fr-FR"},{"@type":"Organization","@id":"https:\/\/www.emicom-mali.com\/web\/#organization","name":"EMICOM MALI","url":"https:\/\/www.emicom-mali.com\/web\/","logo":{"@type":"ImageObject","inLanguage":"fr-FR","@id":"https:\/\/www.emicom-mali.com\/web\/#\/schema\/logo\/image\/","url":"https:\/\/www.emicom-mali.com\/web\/wp-content\/uploads\/2016\/12\/logo-nom.png","contentUrl":"https:\/\/www.emicom-mali.com\/web\/wp-content\/uploads\/2016\/12\/logo-nom.png","width":172,"height":105,"caption":"EMICOM MALI"},"image":{"@id":"https:\/\/www.emicom-mali.com\/web\/#\/schema\/logo\/image\/"},"sameAs":["https:\/\/www.facebook.com\/Emicom-220426265073528"]}]}},"_links":{"self":[{"href":"https:\/\/www.emicom-mali.com\/web\/wp-json\/wp\/v2\/pages\/663"}],"collection":[{"href":"https:\/\/www.emicom-mali.com\/web\/wp-json\/wp\/v2\/pages"}],"about":[{"href":"https:\/\/www.emicom-mali.com\/web\/wp-json\/wp\/v2\/types\/page"}],"author":[{"embeddable":true,"href":"https:\/\/www.emicom-mali.com\/web\/wp-json\/wp\/v2\/users\/1"}],"replies":[{"embeddable":true,"href":"https:\/\/www.emicom-mali.com\/web\/wp-json\/wp\/v2\/comments?post=663"}],"version-history":[{"count":3,"href":"https:\/\/www.emicom-mali.com\/web\/wp-json\/wp\/v2\/pages\/663\/revisions"}],"predecessor-version":[{"id":667,"href":"https:\/\/www.emicom-mali.com\/web\/wp-json\/wp\/v2\/pages\/663\/revisions\/667"}],"wp:attachment":[{"href":"https:\/\/www.emicom-mali.com\/web\/wp-json\/wp\/v2\/media?parent=663"}],"curies":[{"name":"wp","href":"https:\/\/api.w.org\/{rel}","templated":true}]}}